{"id":812,"date":"2024-03-15T21:13:13","date_gmt":"2024-03-15T19:13:13","guid":{"rendered":"https:\/\/kellyjohanson.com\/?page_id=812"},"modified":"2024-08-18T13:57:58","modified_gmt":"2024-08-18T10:57:58","slug":"impressum","status":"publish","type":"page","link":"https:\/\/kellyjohanson.com\/de\/impressum\/","title":{"rendered":"Impressum"},"content":{"rendered":"<div data-elementor-type=\"wp-page\" data-elementor-id=\"812\" class=\"elementor elementor-812\">\n\t\t\t\t<div class=\"elementor-element elementor-element-60383d3 e-flex e-con-boxed e-con e-parent\" data-id=\"60383d3\" data-element_type=\"container\" data-settings=\"{&quot;background_background&quot;:&quot;classic&quot;}\">\n\t\t\t\t\t<div class=\"e-con-inner\">\n\t\t\t\t<div class=\"elementor-element elementor-element-a7ac725 elementor-widget elementor-widget-text-editor\" data-id=\"a7ac725\" data-element_type=\"widget\" data-widget_type=\"text-editor.default\">\n\t\t\t\t<div class=\"elementor-widget-container\">\n\t\t\t<style>\/*! elementor - v3.23.0 - 05-08-2024 *\/\n.elementor-widget-text-editor.elementor-drop-cap-view-stacked .elementor-drop-cap{background-color:#69727d;color:#fff}.elementor-widget-text-editor.elementor-drop-cap-view-framed .elementor-drop-cap{color:#69727d;border:3px solid;background-color:transparent}.elementor-widget-text-editor:not(.elementor-drop-cap-view-default) .elementor-drop-cap{margin-top:8px}.elementor-widget-text-editor:not(.elementor-drop-cap-view-default) .elementor-drop-cap-letter{width:1em;height:1em}.elementor-widget-text-editor .elementor-drop-cap{float:left;text-align:center;line-height:1;font-size:50px}.elementor-widget-text-editor .elementor-drop-cap-letter{display:inline-block}<\/style>\t\t\t\t<h3>Impressum<\/h3>\t\t\t\t\t\t<\/div>\n\t\t\t\t<\/div>\n\t\t\t\t<div class=\"elementor-element elementor-element-802c734 elementor-widget elementor-widget-text-editor\" data-id=\"802c734\" data-element_type=\"widget\" data-no-translation=\"\" data-widget_type=\"text-editor.default\">\n\t\t\t\t<div class=\"elementor-widget-container\">\n\t\t\t\t\t\t\t<h3>Angaben gem\u00e4\u00df \u00a7 5 TMG<\/h3>\t\t\t\t\t\t<\/div>\n\t\t\t\t<\/div>\n\t\t\t\t<div class=\"elementor-element elementor-element-98d348c elementor-widget elementor-widget-text-editor\" data-id=\"98d348c\" data-element_type=\"widget\" data-widget_type=\"text-editor.default\">\n\t\t\t\t<div class=\"elementor-widget-container\">\n\t\t\t\t\t\t\t<p>Kelly Johanson (Psychologin)<br>Gervinusstr. 5-7<br>60322 Frankfurt am Main<br>Deutschland<br>Telefon: +4917684456691<br>E-Mail: <a href=\"mailto:praxis@kellyjohanson.com\">praxis@kellyjohanson.com<\/a><br><span style=\"color: var( --e-global-color-text ); font-family: var( --e-global-typography-text-font-family ), Sans-serif; font-weight: var( --e-global-typography-text-font-weight ); text-align: var(--text-align); letter-spacing: 0em;\">TraumaN\u00f5ustamiskeskus O\u00dc<br><\/span><span style=\"color: var( --e-global-color-text ); font-family: var( --e-global-typography-text-font-family ), Sans-serif; font-weight: var( --e-global-typography-text-font-weight ); text-align: var(--text-align); letter-spacing: 0em;\">Reg. nr:<\/span><span style=\"text-align: var(--text-align); letter-spacing: 0em; font-weight: var( --e-global-typography-text-font-weight ); font-family: var( --e-global-typography-text-font-family ), Sans-serif; color: var( --e-global-color-text );\">&nbsp;17042439<\/span><\/p>\t\t\t\t\t\t<\/div>\n\t\t\t\t<\/div>\n\t\t\t\t<div class=\"elementor-element elementor-element-19de4ba elementor-widget elementor-widget-text-editor\" data-id=\"19de4ba\" data-element_type=\"widget\" data-no-translation=\"\" data-widget_type=\"text-editor.default\">\n\t\t\t\t<div class=\"elementor-widget-container\">\n\t\t\t\t\t\t\t<h3>Haftungsausschluss<\/h3><p>Der Autor \u00fcbernimmt keinerlei Gew\u00e4hr f\u00fcr die Aktualit\u00e4t, Korrektheit, Vollst\u00e4ndigkeit oder Qualit\u00e4t der bereitgestellten Informationen. Haftungsanspr\u00fcche gegen den Autor, welche sich auf Sch\u00e4den materieller oder ideeller Art beziehen, die durch die Nutzung oder Nichtnutzung der dargebotenen Informationen bzw. durch die Nutzung fehlerhafter und unvollst\u00e4ndiger Informationen verursacht wurden, sind grunds\u00e4tzlich ausgeschlossen, sofern seitens des Autors kein nachweislich vors\u00e4tzliches oder grob fahrl\u00e4ssiges Verschulden vorliegt. Der Autor beh\u00e4lt es sich ausdr\u00fccklich vor, Teile der Seiten oder das gesamte Angebot ohne gesonderte Ank\u00fcndigung zu ver\u00e4ndern, zu erg\u00e4nzen, zu l\u00f6schen oder die Ver\u00f6ffentlichung zeitweise oder endg\u00fcltig einzustellen.<\/p><h3>Verweise und Links<\/h3><p>Der Autor erkl\u00e4rt hiermit ausdr\u00fccklich, dass zum Zeitpunkt der Linksetzung keine illegalen Inhalte auf den zu verlinkenden Seiten erkennbar waren. Auf die aktuelle und zuk\u00fcnftige Gestaltung, die Inhalte oder die Urheberschaft der gelinkten\/verkn\u00fcpften Seiten hat der Autor keinerlei Einfluss. Deshalb distanziert er sich hiermit ausdr\u00fccklich von allen Inhalten aller gelinkten \/verkn\u00fcpften Seiten, die nach der Linksetzung ver\u00e4ndert wurden. Diese Feststellung gilt f\u00fcr alle innerhalb des eigenen Internetangebotes gesetzten Links und Verweise. F\u00fcr illegale, fehlerhafte oder unvollst\u00e4ndige Inhalte und insbesondere f\u00fcr Sch\u00e4den, die aus der Nutzung oder Nichtnutzung solcherart dargebotener Informationen entstehen, haftet allein der Anbieter der Seite, auf welche verwiesen wurde, nicht derjenige, der \u00fcber Links auf die jeweilige Ver\u00f6ffentlichung lediglich verweist.<\/p><h3>Urheber- und Kennzeichenrecht<\/h3><p>Alle innerhalb des Internetangebotes genannten und ggf. durch Dritte gesch\u00fctzten Marken unterliegen uneingeschr\u00e4nkt den Bestimmungen des jeweils g\u00fcltigen Kennzeichenrechts und den Besitzrechten der jeweiligen eingetragenen Eigent\u00fcmer. Allein aufgrund der blo\u00dfen Nennung ist nicht der Schluss zu ziehen, dass Markenzeichen nicht durch Rechte Dritter gesch\u00fctzt sind! Das Urheberrecht f\u00fcr ver\u00f6ffentlichte, vom Autor selbst erstellte Inhalte und Objekte bleibt allein beim Autor. Eine Vervielf\u00e4ltigung oder Verwendung solcher Grafiken und Texte in anderen elektronischen oder gedruckten Publikationen ist ohne ausdr\u00fcckliche Zustimmung des Autors nicht gestattet.<\/p><h3>Datenschutz<\/h3><p>Sofern innerhalb des Internetangebotes die M\u00f6glichkeit zur Eingabe pers\u00f6nlicher oder gesch\u00e4ftlicher Daten (Emailadressen, Namen, Anschriften) besteht, so erfolgt die Preisgabe dieser Daten seitens des Nutzers auf ausdr\u00fccklich freiwilliger Basis. Die Inanspruchnahme und Bezahlung aller angebotenen Dienste ist \u2013 soweit technisch m\u00f6glich und zumutbar \u2013 auch ohne Angabe solcher Daten bzw. unter Angabe anonymisierter Daten oder eines Pseudonyms gestattet. Die Nutzung der im Rahmen des Impressums oder vergleichbarer Angaben ver\u00f6ffentlichten Kontaktdaten wie Postanschriften, Telefon- und Faxnummern sowie eMail-Adressen durch Dritte zur \u00dcbersendung von nicht ausdr\u00fccklich angeforderten Informationen ist nicht gestattet. Rechtliche Schritte gegen die Versender von sogenannten Spam-Mails bei Verst\u00f6\u00dfen gegen dieses Verbot sind ausdr\u00fccklich vorbehalten.<\/p><h3>Rechtswirksamkeit dieses Haftungsausschlusses<\/h3><p>Dieser Haftungsausschluss ist als Teil des Internetangebotes zu betrachten, von dem aus auf diese Seite verwiesen wurde. Sofern Teile oder einzelne Formulierungen dieses Textes der geltenden Rechtslage nicht, nicht mehr oder nicht vollst\u00e4ndig entsprechen sollten, bleiben die \u00fcbrigen Teile des Dokumentes in ihrem Inhalt und ihrer G\u00fcltigkeit davon unber\u00fchrt.<\/p>\t\t\t\t\t\t<\/div>\n\t\t\t\t<\/div>\n\t\t\t\t\t<\/div>\n\t\t\t\t<\/div>\n\t\t\t\t<\/div>","protected":false},"excerpt":{"rendered":"<p>Impressum Angaben gem\u00e4\u00df \u00a7 5 TMG Kelly Johanson (Ps\u00fchholoog)Gervinusstr. 5-760322 Frankfurt am MainSaksamaaTelefon: +4917684456691E-Mail: praxis@kellyjohanson.comTraumaN\u00f5ustamiskeskus O\u00dcReg. number:&nbsp;17042439 Haftungsausschluss Der Autor \u00fcbernimmt keinerlei Gew\u00e4hr f\u00fcr die Aktualit\u00e4t, Korrektheit, Vollst\u00e4ndigkeit oder Qualit\u00e4t der bereitgestellten Informationen. Haftungsanspr\u00fcche gegen den Autor, welche sich auf Sch\u00e4den materieller oder ideeller Art beziehen, die durch die Nutzung oder Nichtnutzung der dargebotenen Informationen bzw. durch die Nutzung fehlerhafter und unvollst\u00e4ndiger Informationen verursacht wurden, sind grunds\u00e4tzlich ausgeschlossen, sofern seitens des Autors kein nachweislich vors\u00e4tzliches oder grob fahrl\u00e4ssiges Verschulden vorliegt. Der Autor beh\u00e4lt es sich ausdr\u00fccklich vor, Teile der Seiten oder das gesamte Angebot ohne gesonderte Ank\u00fcndigung zu ver\u00e4ndern, zu erg\u00e4nzen, zu l\u00f6schen oder die Ver\u00f6ffentlichung zeitweise oder endg\u00fcltig einzustellen. Verweise und Links Der Autor erkl\u00e4rt hiermit ausdr\u00fccklich, dass zum Zeitpunkt der Linksetzung keine illegalen Inhalte auf den zu verlinkenden Seiten erkennbar waren. Auf die aktuelle und zuk\u00fcnftige Gestaltung, die Inhalte oder die Urheberschaft der gelinkten\/verkn\u00fcpften Seiten hat der Autor keinerlei Einfluss. Deshalb distanziert er sich hiermit ausdr\u00fccklich von allen Inhalten aller gelinkten \/verkn\u00fcpften Seiten, die nach der Linksetzung ver\u00e4ndert wurden. Diese Feststellung gilt f\u00fcr alle innerhalb des eigenen Internetangebotes gesetzten Links und Verweise. F\u00fcr illegale, fehlerhafte oder unvollst\u00e4ndige Inhalte und insbesondere f\u00fcr Sch\u00e4den, die aus der Nutzung oder Nichtnutzung solcherart dargebotener Informationen entstehen, haftet allein der Anbieter der Seite, auf welche verwiesen wurde, nicht derjenige, der \u00fcber Links auf die jeweilige Ver\u00f6ffentlichung lediglich verweist. Urheber- und Kennzeichenrecht Alle innerhalb des Internetangebotes genannten und ggf. durch Dritte gesch\u00fctzten Marken unterliegen uneingeschr\u00e4nkt den Bestimmungen des jeweils g\u00fcltigen Kennzeichenrechts und den Besitzrechten der jeweiligen eingetragenen Eigent\u00fcmer. Allein aufgrund der blo\u00dfen Nennung ist nicht der Schluss zu ziehen, dass Markenzeichen nicht durch Rechte Dritter gesch\u00fctzt sind! Das Urheberrecht f\u00fcr ver\u00f6ffentlichte, vom Autor selbst erstellte Inhalte und Objekte bleibt allein beim Autor. Eine Vervielf\u00e4ltigung oder Verwendung solcher Grafiken und Texte in anderen elektronischen oder gedruckten Publikationen ist ohne ausdr\u00fcckliche Zustimmung des Autors nicht gestattet. Datenschutz Sofern innerhalb des Internetangebotes die M\u00f6glichkeit zur Eingabe pers\u00f6nlicher oder gesch\u00e4ftlicher Daten (Emailadressen, Namen, Anschriften) besteht, so erfolgt die Preisgabe dieser Daten seitens des Nutzers auf ausdr\u00fccklich freiwilliger Basis. Die Inanspruchnahme und Bezahlung aller angebotenen Dienste ist \u2013 soweit technisch m\u00f6glich und zumutbar \u2013 auch ohne Angabe solcher Daten bzw. unter Angabe anonymisierter Daten oder eines Pseudonyms gestattet. Die Nutzung der im Rahmen des Impressums oder vergleichbarer Angaben ver\u00f6ffentlichten Kontaktdaten wie Postanschriften, Telefon- und Faxnummern sowie eMail-Adressen durch Dritte zur \u00dcbersendung von nicht ausdr\u00fccklich angeforderten Informationen ist nicht gestattet. Rechtliche Schritte gegen die Versender von sogenannten Spam-Mails bei Verst\u00f6\u00dfen gegen dieses Verbot sind ausdr\u00fccklich vorbehalten. Rechtswirksamkeit dieses Haftungsausschlusses Dieser Haftungsausschluss ist als Teil des Internetangebotes zu betrachten, von dem aus auf diese Seite verwiesen wurde. Sofern Teile oder einzelne Formulierungen dieses Textes der geltenden Rechtslage nicht, nicht mehr oder nicht vollst\u00e4ndig entsprechen sollten, bleiben die \u00fcbrigen Teile des Dokumentes in ihrem Inhalt und ihrer G\u00fcltigkeit davon unber\u00fchrt.<\/p>","protected":false},"author":4,"featured_media":0,"parent":0,"menu_order":0,"comment_status":"closed","ping_status":"closed","template":"","meta":{"footnotes":""},"class_list":["post-812","page","type-page","status-publish","hentry","post-no-thumbnail"],"yoast_head":"<!-- This site is optimized with the Yoast SEO plugin v23.3 - https:\/\/yoast.com\/wordpress\/plugins\/seo\/ -->\n<title>Impressum - Ps\u00fchholoogia ja traumaalase n\u00f5ustamise praksis<\/title>\n<meta name=\"description\" content=\"Impressum\" \/>\n<meta name=\"robots\" content=\"index, follow, max-snippet:-1, max-image-preview:large, max-video-preview:-1\" \/>\n<link rel=\"canonical\" href=\"https:\/\/kellyjohanson.com\/de\/impressum\/\" \/>\n<meta property=\"og:locale\" content=\"de_DE\" \/>\n<meta property=\"og:type\" content=\"article\" \/>\n<meta property=\"og:title\" content=\"Impressum - Ps\u00fchholoogia ja traumaalase n\u00f5ustamise praksis\" \/>\n<meta property=\"og:description\" content=\"Impressum\" \/>\n<meta property=\"og:url\" content=\"https:\/\/kellyjohanson.com\/de\/impressum\/\" \/>\n<meta property=\"og:site_name\" content=\"Ps\u00fchholoogia ja traumaalase n\u00f5ustamise praksis\" \/>\n<meta property=\"article:publisher\" content=\"https:\/\/www.facebook.com\/profile.php?id=61557107786023\" \/>\n<meta property=\"article:modified_time\" content=\"2024-08-18T10:57:58+00:00\" \/>\n<meta name=\"twitter:card\" content=\"summary_large_image\" \/>\n<meta name=\"twitter:label1\" content=\"Gesch\u00e4tzte Lesezeit\" \/>\n\t<meta name=\"twitter:data1\" content=\"3\u00a0Minuten\" \/>\n<script type=\"application\/ld+json\" class=\"yoast-schema-graph\">{\"@context\":\"https:\/\/schema.org\",\"@graph\":[{\"@type\":\"WebPage\",\"@id\":\"https:\/\/kellyjohanson.com\/de\/impressum\/\",\"url\":\"https:\/\/kellyjohanson.com\/de\/impressum\/\",\"name\":\"Impressum - Ps\u00fchholoogia ja traumaalase n\u00f5ustamise praksis\",\"isPartOf\":{\"@id\":\"https:\/\/kellyjohanson.com\/#website\"},\"datePublished\":\"2024-03-15T19:13:13+00:00\",\"dateModified\":\"2024-08-18T10:57:58+00:00\",\"description\":\"Impressum\",\"breadcrumb\":{\"@id\":\"https:\/\/kellyjohanson.com\/de\/impressum\/#breadcrumb\"},\"inLanguage\":\"de\",\"potentialAction\":[{\"@type\":\"ReadAction\",\"target\":[\"https:\/\/kellyjohanson.com\/de\/impressum\/\"]}]},{\"@type\":\"BreadcrumbList\",\"@id\":\"https:\/\/kellyjohanson.com\/de\/impressum\/#breadcrumb\",\"itemListElement\":[{\"@type\":\"ListItem\",\"position\":1,\"name\":\"Home\",\"item\":\"https:\/\/kellyjohanson.com\/\"},{\"@type\":\"ListItem\",\"position\":2,\"name\":\"Impressum\"}]},{\"@type\":\"WebSite\",\"@id\":\"https:\/\/kellyjohanson.com\/#website\",\"url\":\"https:\/\/kellyjohanson.com\/\",\"name\":\"Ps\u00fchholoogia ja traumaalase n\u00f5ustamise praksis\",\"description\":\"Pakun trauma- ja ps\u00fchholoogilist n\u00f5ustamist lastele, noorukitele, t\u00e4iskasvanutele ning sotsiaalasutustele Eestis ja Saksamaal.\",\"publisher\":{\"@id\":\"https:\/\/kellyjohanson.com\/#organization\"},\"potentialAction\":[{\"@type\":\"SearchAction\",\"target\":{\"@type\":\"EntryPoint\",\"urlTemplate\":\"https:\/\/kellyjohanson.com\/?s={search_term_string}\"},\"query-input\":\"required name=search_term_string\"}],\"inLanguage\":\"de\"},{\"@type\":\"Organization\",\"@id\":\"https:\/\/kellyjohanson.com\/#organization\",\"name\":\"Ps\u00fchholoogia ja traumaalase n\u00f5ustamise praksis\",\"url\":\"https:\/\/kellyjohanson.com\/\",\"logo\":{\"@type\":\"ImageObject\",\"inLanguage\":\"de\",\"@id\":\"https:\/\/kellyjohanson.com\/#\/schema\/logo\/image\/\",\"url\":\"https:\/\/kellyjohanson.com\/wp-content\/uploads\/2024\/01\/mental-therapy-help.png\",\"contentUrl\":\"https:\/\/kellyjohanson.com\/wp-content\/uploads\/2024\/01\/mental-therapy-help.png\",\"width\":166,\"height\":136,\"caption\":\"Ps\u00fchholoogia ja traumaalase n\u00f5ustamise praksis\"},\"image\":{\"@id\":\"https:\/\/kellyjohanson.com\/#\/schema\/logo\/image\/\"},\"sameAs\":[\"https:\/\/www.facebook.com\/profile.php?id=61557107786023\",\"https:\/\/www.instagram.com\/psychologin_kelly?igsh=cTBqanUxMmZobDBs&utm_source=qr\"]}]}<\/script>\n<!-- \/ Yoast SEO plugin. -->","yoast_head_json":{"title":"Impressum - Ps\u00fchholoogia ja traumaalase n\u00f5ustamise praksis","description":"Impressum","robots":{"index":"index","follow":"follow","max-snippet":"max-snippet:-1","max-image-preview":"max-image-preview:large","max-video-preview":"max-video-preview:-1"},"canonical":"https:\/\/kellyjohanson.com\/de\/impressum\/","og_locale":"de_DE","og_type":"article","og_title":"Impressum - Ps\u00fchholoogia ja traumaalase n\u00f5ustamise praksis","og_description":"Impressum","og_url":"https:\/\/kellyjohanson.com\/de\/impressum\/","og_site_name":"Ps\u00fchholoogia ja traumaalase n\u00f5ustamise praksis","article_publisher":"https:\/\/www.facebook.com\/profile.php?id=61557107786023","article_modified_time":"2024-08-18T10:57:58+00:00","twitter_card":"summary_large_image","twitter_misc":{"Gesch\u00e4tzte Lesezeit":"3\u00a0Minuten"},"schema":{"@context":"https:\/\/schema.org","@graph":[{"@type":"WebPage","@id":"https:\/\/kellyjohanson.com\/de\/impressum\/","url":"https:\/\/kellyjohanson.com\/de\/impressum\/","name":"Impressum - Ps\u00fchholoogia ja traumaalase n\u00f5ustamise praksis","isPartOf":{"@id":"https:\/\/kellyjohanson.com\/#website"},"datePublished":"2024-03-15T19:13:13+00:00","dateModified":"2024-08-18T10:57:58+00:00","description":"Impressum","breadcrumb":{"@id":"https:\/\/kellyjohanson.com\/de\/impressum\/#breadcrumb"},"inLanguage":"de","potentialAction":[{"@type":"ReadAction","target":["https:\/\/kellyjohanson.com\/de\/impressum\/"]}]},{"@type":"BreadcrumbList","@id":"https:\/\/kellyjohanson.com\/de\/impressum\/#breadcrumb","itemListElement":[{"@type":"ListItem","position":1,"name":"Home","item":"https:\/\/kellyjohanson.com\/"},{"@type":"ListItem","position":2,"name":"Impressum"}]},{"@type":"WebSite","@id":"https:\/\/kellyjohanson.com\/#website","url":"https:\/\/kellyjohanson.com\/","name":"Ps\u00fchholoogia ja traumaalase n\u00f5ustamise praksis","description":"Pakun trauma- ja ps\u00fchholoogilist n\u00f5ustamist lastele, noorukitele, t\u00e4iskasvanutele ning sotsiaalasutustele Eestis ja Saksamaal.","publisher":{"@id":"https:\/\/kellyjohanson.com\/#organization"},"potentialAction":[{"@type":"SearchAction","target":{"@type":"EntryPoint","urlTemplate":"https:\/\/kellyjohanson.com\/?s={search_term_string}"},"query-input":"required name=search_term_string"}],"inLanguage":"de"},{"@type":"Organization","@id":"https:\/\/kellyjohanson.com\/#organization","name":"Ps\u00fchholoogia ja traumaalase n\u00f5ustamise praksis","url":"https:\/\/kellyjohanson.com\/","logo":{"@type":"ImageObject","inLanguage":"de","@id":"https:\/\/kellyjohanson.com\/#\/schema\/logo\/image\/","url":"https:\/\/kellyjohanson.com\/wp-content\/uploads\/2024\/01\/mental-therapy-help.png","contentUrl":"https:\/\/kellyjohanson.com\/wp-content\/uploads\/2024\/01\/mental-therapy-help.png","width":166,"height":136,"caption":"Ps\u00fchholoogia ja traumaalase n\u00f5ustamise praksis"},"image":{"@id":"https:\/\/kellyjohanson.com\/#\/schema\/logo\/image\/"},"sameAs":["https:\/\/www.facebook.com\/profile.php?id=61557107786023","https:\/\/www.instagram.com\/psychologin_kelly?igsh=cTBqanUxMmZobDBs&utm_source=qr"]}]}},"_links":{"self":[{"href":"https:\/\/kellyjohanson.com\/de\/wp-json\/wp\/v2\/pages\/812","targetHints":{"allow":["GET"]}}],"collection":[{"href":"https:\/\/kellyjohanson.com\/de\/wp-json\/wp\/v2\/pages"}],"about":[{"href":"https:\/\/kellyjohanson.com\/de\/wp-json\/wp\/v2\/types\/page"}],"author":[{"embeddable":true,"href":"https:\/\/kellyjohanson.com\/de\/wp-json\/wp\/v2\/users\/4"}],"replies":[{"embeddable":true,"href":"https:\/\/kellyjohanson.com\/de\/wp-json\/wp\/v2\/comments?post=812"}],"version-history":[{"count":171,"href":"https:\/\/kellyjohanson.com\/de\/wp-json\/wp\/v2\/pages\/812\/revisions"}],"predecessor-version":[{"id":1265,"href":"https:\/\/kellyjohanson.com\/de\/wp-json\/wp\/v2\/pages\/812\/revisions\/1265"}],"wp:attachment":[{"href":"https:\/\/kellyjohanson.com\/de\/wp-json\/wp\/v2\/media?parent=812"}],"curies":[{"name":"wp","href":"https:\/\/api.w.org\/{rel}","templated":true}]}}